{"id":1204,"date":"2022-08-09T13:19:58","date_gmt":"2022-08-09T18:19:58","guid":{"rendered":"https:\/\/www.polioles.com.mx\/markets\/water-treatment\/"},"modified":"2022-12-06T18:01:53","modified_gmt":"2022-12-07T00:01:53","slug":"water-treatment","status":"publish","type":"page","link":"https:\/\/www.polioles.com.mx\/en\/markets\/water-treatment\/","title":{"rendered":"Water Treatment"},"content":{"rendered":"<div class=\"wpb-content-wrapper\"><p>[vc_row full_width=&#8221;stretch_row&#8221; el_class=&#8221;bg-mercados&#8221; css=&#8221;.vc_custom_1663598497327{padding-top: 70px !important;padding-bottom: 70px !important;background-image: url(https:\/\/www.polioles.com.mx\/wp-content\/uploads\/2022\/09\/bg-mercados.jpg?id=405) !important;}&#8221;][vc_column css=&#8221;.vc_custom_1660666052360{padding-top: 0px !important;}&#8221;][vc_custom_heading text=&#8221;Markets&#8221; font_container=&#8221;tag:h1|text_align:left|color:%23ffffff&#8221; use_theme_fonts=&#8221;yes&#8221; el_class=&#8221;bold&#8221;][\/vc_column][\/vc_row][vc_row full_width=&#8221;stretch_row&#8221; equal_height=&#8221;yes&#8221; content_placement=&#8221;middle&#8221; el_class=&#8221;contenedor-encabezado-mercado&#8221;][vc_column width=&#8221;5\/12&#8243; css=&#8221;.vc_custom_1660667167830{padding-top: 0px !important;}&#8221;][vc_custom_heading text=&#8221;Water Treatment&#8221; font_container=&#8221;tag:h1|text_align:left&#8221; use_theme_fonts=&#8221;yes&#8221; el_class=&#8221;bold encabezado-mercado&#8221;][\/vc_column][vc_column width=&#8221;7\/12&#8243; css=&#8221;.vc_custom_1660667171159{padding-top: 0px !important;}&#8221;][vc_single_image image=&#8221;1402&#8243; img_size=&#8221;full&#8221; alignment=&#8221;center&#8221; el_class=&#8221;img-mercado&#8221;][\/vc_column][\/vc_row][vc_row full_width=&#8221;stretch_row&#8221; css=&#8221;.vc_custom_1668489488102{padding-top: 50px !important;padding-bottom: 50px !important;background-color: #f6f6f6 !important;}&#8221;][vc_column css=&#8221;.vc_custom_1668489517501{padding-top: 0px !important;}&#8221;][vc_tta_accordion gap=&#8221;5&#8243; c_position=&#8221;right&#8221; active_section=&#8221;1&#8243; el_class=&#8221;acc-mercados&#8221;][vc_tta_section title=&#8221;Ethoxylated Nonyl Phenols&#8221; tab_id=&#8221;1668489249177-7b636b39-11af&#8221;][vc_column_text]<span style=\"font-weight: 400;\">Non-ionic surfactants, widely known for their high dispersing, degreasing, detergent, emulsifying, wetting and solubilizing efficacy.<\/span><\/p>\n<p><span style=\"font-weight: 400;\">Available products:<\/span><\/p>\n<ul>\n<li style=\"font-weight: 400;\" aria-level=\"1\"><strong>Nonylphenol ethoxylate 4 EO<\/strong><\/li>\n<li style=\"font-weight: 400;\" aria-level=\"1\"><strong>Nonylphenol ethoxylate 6 EO<\/strong><\/li>\n<li style=\"font-weight: 400;\" aria-level=\"1\"><strong>Nonylphenol ethoxylate 10 EO<\/strong><\/li>\n<\/ul>\n<p><span style=\"font-weight: 400;\">These products are marketed under the Brands: Tensapol NF.<\/span>[\/vc_column_text][\/vc_tta_section][vc_tta_section title=&#8221;Ethoxylated Tridecyl Alcohols&#8221; tab_id=&#8221;1668489249186-683d3e4a-d516&#8243;][vc_column_text]<span style=\"font-weight: 400;\">Non-ionic surfactants, ethoxylated alcohols with properties as detergents, emulsifiers, dispersants and wetting agents.<\/span><\/p>\n<p><span style=\"font-weight: 400;\">Available products:<\/span><\/p>\n<ul>\n<li style=\"font-weight: 400;\" aria-level=\"1\"><strong>Tridecyl alcohol 3 EO\u00a0<\/strong><\/li>\n<li style=\"font-weight: 400;\" aria-level=\"1\"><strong>Tridecyl alcohol 6 EO\u00a0<\/strong><\/li>\n<li style=\"font-weight: 400;\" aria-level=\"1\"><strong>Tridecyl alcohol 8 EO\u00a0<\/strong><\/li>\n<li style=\"font-weight: 400;\" aria-level=\"1\"><strong>Tridecyl alcohol 9 EO\u00a0<\/strong><\/li>\n<li style=\"font-weight: 400;\" aria-level=\"1\"><strong>Tridecyl alcohol12 EO<\/strong><\/li>\n<\/ul>\n<p>[\/vc_column_text][\/vc_tta_section][vc_tta_section title=&#8221;Ethoxylated Lauric Alcohols&#8221; tab_id=&#8221;1668795895757-71c727d1-b922&#8243;][vc_column_text]<span style=\"font-weight: 400;\">They are ethoxylated C12C16 type alcohols, they are nonionic surfactants that act as emulsifiers, detergents, solubilizers, essence fixatives and synthetic intermediates to obtain other surfactants..<\/span><\/p>\n<p><span style=\"font-weight: 400;\">Available products:<\/span><\/p>\n<ul>\n<li style=\"font-weight: 400;\" aria-level=\"1\"><strong>Lauric alcohol 1 EO<\/strong><\/li>\n<li style=\"font-weight: 400;\" aria-level=\"1\"><strong>Lauric alcohol 2 EO<\/strong><\/li>\n<li style=\"font-weight: 400;\" aria-level=\"1\"><strong>Lauric alcohol 3 EO\u00a0<\/strong><\/li>\n<li style=\"font-weight: 400;\" aria-level=\"1\"><strong>Lauric alcohol 7 EO<\/strong><\/li>\n<li style=\"font-weight: 400;\" aria-level=\"1\"><strong>Lauric alcohol 9 EO<\/strong><\/li>\n<\/ul>\n<p>[\/vc_column_text][\/vc_tta_section][vc_tta_section title=&#8221;Copolymeric Blocks&#8221; tab_id=&#8221;1668795922802-0984d834-1a9d&#8221;][vc_column_text]<span style=\"font-weight: 400;\">They have stability in alkaline environments and\/or high temperatures, they have excellent properties as defoaming agents, they have wetting, dispersing and emulsifying properties..<\/span><\/p>\n<p><span style=\"font-weight: 400;\">Depending on the degree of ethoxylation, they are liquids, pastes or solids. They can be used in a wide variety of applications ranging from sugar production, formulation of lubricants and low-foam detergents, as well as in polymerization processes..<\/span><\/p>\n<p><span style=\"font-weight: 400;\">Available products:<\/span><\/p>\n<ul>\n<li style=\"font-weight: 400;\" aria-level=\"1\"><strong>Copolymeric block with terminal primary alcohols<\/strong><\/li>\n<li style=\"font-weight: 400;\" aria-level=\"2\"><strong>Pluronic L 61<\/strong><\/li>\n<li style=\"font-weight: 400;\" aria-level=\"2\"><strong>Pluronic L 64<\/strong><\/li>\n<li style=\"font-weight: 400;\" aria-level=\"2\"><strong>Pluronic L 101<\/strong><\/li>\n<li style=\"font-weight: 400;\" aria-level=\"1\"><strong>Copolymeric block with terminal secondary alcohols<\/strong><\/li>\n<li style=\"font-weight: 400;\" aria-level=\"2\"><strong>Pluronic 25 R 2<\/strong><\/li>\n<\/ul>\n<p><span style=\"font-weight: 400;\">These products are marketed under the brands: Pluronic and Tensapol.<\/span>[\/vc_column_text][\/vc_tta_section][vc_tta_section title=&#8221;Chelating Agents&#8221; tab_id=&#8221;1668797217758-fc523da0-e59b&#8221;][vc_column_text]<span style=\"font-weight: 400;\">These products control the concentration of metal ions in an aqueous medium. Mainly used as chelators, sequestering agents in personal hygiene products, deodorants and cosmetics..<\/span><\/p>\n<ul>\n<li style=\"font-weight: 400;\" aria-level=\"1\"><strong>Tetrasodium salt of ethylenediaminetetraacetic acid (EDTA-Na4) (powder)<\/strong><\/li>\n<li style=\"font-weight: 400;\" aria-level=\"1\"><strong>Ethylenediaminetetraacetic acid (EDTA) (powder)<\/strong><\/li>\n<li style=\"font-weight: 400;\" aria-level=\"1\"><strong>Trisodium salt of methylglycinediacetic acid (Na3MGDA) (liquid)<\/strong><\/li>\n<\/ul>\n<p>[\/vc_column_text][\/vc_tta_section][vc_tta_section title=&#8221;Dispersants&#8221; tab_id=&#8221;1668797243171-18ba5295-0ff4&#8243;][vc_column_text]<span style=\"font-weight: 400;\">Modified polyacrylic acids that act as polymeric dispersing agents whose potential consists of inhibiting the formation of scale and scale, dispersing solids in suspension.\u00a0<\/span><\/p>\n<ul>\n<li style=\"font-weight: 400;\" aria-level=\"1\"><strong>Modified polyacrylic acid<\/strong><\/li>\n<li style=\"font-weight: 400;\" aria-level=\"1\"><strong>Modified sodium polyacrylate<\/strong><\/li>\n<\/ul>\n<p><span style=\"font-weight: 400;\">These products are marketed under the brand: Sokalan CP.<\/span>[\/vc_column_text][\/vc_tta_section][vc_tta_section title=&#8221;Biocidas&#8221; tab_id=&#8221;1668797264731-bc7c847e-bba7&#8243;][vc_column_text]<span style=\"font-weight: 400;\">El glutaraldeh\u00eddo es un aldeh\u00eddo con cualidades bactericidas y fungicidas que se puede utilizar en combinaci\u00f3n con otros productos, para la fabricaci\u00f3n de productos de limpieza, desinfecci\u00f3n y esterilizaci\u00f3n de material cl\u00ednico.<\/span><\/p>\n<ul>\n<li style=\"font-weight: 400;\" aria-level=\"1\"><strong>Glutaraldeh\u00eddo al 50%<\/strong><\/li>\n<\/ul>\n<p>[\/vc_column_text][\/vc_tta_section][\/vc_tta_accordion][\/vc_column][\/vc_row][vc_row full_width=&#8221;stretch_row&#8221; css=&#8221;.vc_custom_1660848868529{padding-bottom: 100px !important;background-color: #f6f6f6 !important;}&#8221;][vc_column css=&#8221;.vc_custom_1660774637658{padding-top: 0px !important;}&#8221;][vc_custom_heading text=&#8221;See associated products&#8221; font_container=&#8221;tag:h3|text_align:left&#8221; use_theme_fonts=&#8221;yes&#8221; el_class=&#8221;bold encabezado-lineas&#8221; css=&#8221;.vc_custom_1669657511866{margin-bottom: 25px !important;}&#8221;][vc_row_inner equal_height=&#8221;yes&#8221; content_placement=&#8221;middle&#8221;][vc_column_inner el_class=&#8221;productos-asociados&#8221; width=&#8221;1\/6&#8243;][vc_custom_heading text=&#8221;Ethoxylated Nonyl Phenols&#8221; font_container=&#8221;tag:h6|text_align:left&#8221; use_theme_fonts=&#8221;yes&#8221; link=&#8221;url:https%3A%2F%2Fpolioles.com.mx%2Fen%2Fproducts%2Fethoxylated-nonyl-phenols%2F|title:Ethoxylated%20Nonyl%20Phenols&#8221; el_class=&#8221;bold&#8221;][\/vc_column_inner][vc_column_inner el_class=&#8221;productos-asociados&#8221; width=&#8221;1\/6&#8243;][vc_custom_heading text=&#8221;Ethoxylated Lauric Alcohols&#8221; font_container=&#8221;tag:h6|text_align:left&#8221; use_theme_fonts=&#8221;yes&#8221; link=&#8221;url:https%3A%2F%2Fpolioles.com.mx%2Fen%2Fproducts%2Fethoxylated-lauric-alcohols%2F|title:Ethoxylated%20Lauric%20Alcohols&#8221; el_class=&#8221;bold&#8221;][\/vc_column_inner][vc_column_inner el_class=&#8221;productos-asociados&#8221; width=&#8221;1\/6&#8243;][vc_custom_heading text=&#8221;Copolymeric Blocks&#8221; font_container=&#8221;tag:h6|text_align:left&#8221; use_theme_fonts=&#8221;yes&#8221; link=&#8221;url:https%3A%2F%2Fpolioles.com.mx%2Fen%2Fproducts%2Fcopolymeric-blocks%2F|title:Copolymeric%20Blocks&#8221; el_class=&#8221;bold&#8221;][\/vc_column_inner][vc_column_inner el_class=&#8221;productos-asociados&#8221; width=&#8221;1\/6&#8243;][vc_custom_heading text=&#8221;Chelating Agents&#8221; font_container=&#8221;tag:h6|text_align:left&#8221; use_theme_fonts=&#8221;yes&#8221; link=&#8221;url:https%3A%2F%2Fpolioles.com.mx%2Fen%2Fproducts%2Fchelating-agents%2F|title:Chelating%20Agents&#8221; el_class=&#8221;bold&#8221;][\/vc_column_inner][vc_column_inner el_class=&#8221;productos-asociados&#8221; width=&#8221;1\/6&#8243;][vc_custom_heading text=&#8221;Biocides&#8221; font_container=&#8221;tag:h6|text_align:left&#8221; use_theme_fonts=&#8221;yes&#8221; link=&#8221;url:https%3A%2F%2Fpolioles.com.mx%2Fen%2Fproducts%2Fbiocides%2F|title:Biocides&#8221; el_class=&#8221;bold&#8221;][\/vc_column_inner][vc_column_inner width=&#8221;1\/6&#8243;][\/vc_column_inner][\/vc_row_inner][\/vc_column][\/vc_row]<\/p>\n<\/div>","protected":false},"excerpt":{"rendered":"<p>[vc_row full_width=&#8221;stretch_row&#8221; el_class=&#8221;bg-mercados&#8221; css=&#8221;.vc_custom_1663598497327{padding-top: 70px !important;padding-bottom: 70px !important;background-image: url(https:\/\/www.polioles.com.mx\/wp-content\/uploads\/2022\/09\/bg-mercados.jpg?id=405) !important;}&#8221;][vc_column css=&#8221;.vc_custom_1660666052360{padding-top: 0px !important;}&#8221;][vc_custom_heading text=&#8221;Markets&#8221; font_container=&#8221;tag:h1|text_align:left|color:%23ffffff&#8221; use_theme_fonts=&#8221;yes&#8221; el_class=&#8221;bold&#8221;][\/vc_column][\/vc_row][vc_row full_width=&#8221;stretch_row&#8221; equal_height=&#8221;yes&#8221; content_placement=&#8221;middle&#8221; el_class=&#8221;contenedor-encabezado-mercado&#8221;][vc_column width=&#8221;5\/12&#8243; css=&#8221;.vc_custom_1660667167830{padding-top: 0px !important;}&#8221;][vc_custom_heading text=&#8221;Water Treatment&#8221; font_container=&#8221;tag:h1|text_align:left&#8221; use_theme_fonts=&#8221;yes&#8221; el_class=&#8221;bold encabezado-mercado&#8221;][\/vc_column][vc_column width=&#8221;7\/12&#8243; css=&#8221;.vc_custom_1660667171159{padding-top: 0px !important;}&#8221;][vc_single_image image=&#8221;1402&#8243; img_size=&#8221;full&#8221; alignment=&#8221;center&#8221; el_class=&#8221;img-mercado&#8221;][\/vc_column][\/vc_row][vc_row full_width=&#8221;stretch_row&#8221; css=&#8221;.vc_custom_1668489488102{padding-top: 50px !important;padding-bottom: 50px !important;background-color: #f6f6f6 !important;}&#8221;][vc_column css=&#8221;.vc_custom_1668489517501{padding-top: 0px !important;}&#8221;][vc_tta_accordion gap=&#8221;5&#8243; c_position=&#8221;right&#8221; active_section=&#8221;1&#8243; el_class=&#8221;acc-mercados&#8221;][vc_tta_section title=&#8221;Ethoxylated <a href=\"https:\/\/www.polioles.com.mx\/en\/markets\/water-treatment\/\" class=\"more-link\">&#8230;<span class=\"screen-reader-text\">  Water Treatment<\/span><\/a><\/p>\n","protected":false},"author":1,"featured_media":755,"parent":1189,"menu_order":0,"comment_status":"closed","ping_status":"closed","template":"","meta":{"_acf_changed":false,"footnotes":""},"class_list":["post-1204","page","type-page","status-publish","has-post-thumbnail","hentry"],"acf":[],"_links":{"self":[{"href":"https:\/\/www.polioles.com.mx\/en\/wp-json\/wp\/v2\/pages\/1204","targetHints":{"allow":["GET"]}}],"collection":[{"href":"https:\/\/www.polioles.com.mx\/en\/wp-json\/wp\/v2\/pages"}],"about":[{"href":"https:\/\/www.polioles.com.mx\/en\/wp-json\/wp\/v2\/types\/page"}],"author":[{"embeddable":true,"href":"https:\/\/www.polioles.com.mx\/en\/wp-json\/wp\/v2\/users\/1"}],"replies":[{"embeddable":true,"href":"https:\/\/www.polioles.com.mx\/en\/wp-json\/wp\/v2\/comments?post=1204"}],"version-history":[{"count":4,"href":"https:\/\/www.polioles.com.mx\/en\/wp-json\/wp\/v2\/pages\/1204\/revisions"}],"predecessor-version":[{"id":1537,"href":"https:\/\/www.polioles.com.mx\/en\/wp-json\/wp\/v2\/pages\/1204\/revisions\/1537"}],"up":[{"embeddable":true,"href":"https:\/\/www.polioles.com.mx\/en\/wp-json\/wp\/v2\/pages\/1189"}],"wp:featuredmedia":[{"embeddable":true,"href":"https:\/\/www.polioles.com.mx\/en\/wp-json\/wp\/v2\/media\/755"}],"wp:attachment":[{"href":"https:\/\/www.polioles.com.mx\/en\/wp-json\/wp\/v2\/media?parent=1204"}],"curies":[{"name":"wp","href":"https:\/\/api.w.org\/{rel}","templated":true}]}}